{"id":19,"date":"2021-05-20T21:41:18","date_gmt":"2021-05-20T19:41:18","guid":{"rendered":"https:\/\/audeaventure.fr\/?page_id=19"},"modified":"2025-06-24T19:11:39","modified_gmt":"2025-06-24T17:11:39","slug":"rafting","status":"publish","type":"page","link":"https:\/\/audeaventure.fr\/?page_id=19","title":{"rendered":"Rafting"},"content":{"rendered":"\t\t<div data-elementor-type=\"wp-page\" data-elementor-id=\"19\" class=\"elementor elementor-19\">\n\t\t\t\t\t\t<section class=\"elementor-section elementor-top-section elementor-element elementor-element-a3539e3 elementor-section-boxed elementor-section-height-default elementor-section-height-default\" data-id=\"a3539e3\" data-element_type=\"section\" data-e-type=\"section\">\n\t\t\t\t\t\t<div class=\"elementor-container elementor-column-gap-default\">\n\t\t\t\t\t<div class=\"elementor-column elementor-col-100 elementor-top-column elementor-element elementor-element-a62f18d\" data-id=\"a62f18d\" data-element_type=\"column\" data-e-type=\"column\">\n\t\t\t<div class=\"elementor-widget-wrap elementor-element-populated\">\n\t\t\t\t\t\t<div class=\"elementor-element elementor-element-f932915 elementor-widget elementor-widget-heading\" data-id=\"f932915\" data-element_type=\"widget\" data-e-type=\"widget\" data-widget_type=\"heading.default\">\n\t\t\t\t\t<h3 class=\"elementor-heading-title elementor-size-default\">RAFTING<\/h3>\t\t\t\t<\/div>\n\t\t\t\t<div class=\"elementor-element elementor-element-caf9bff elementor-arrows-position-inside elementor-pagination-position-outside elementor-widget elementor-widget-image-carousel\" data-id=\"caf9bff\" data-element_type=\"widget\" data-e-type=\"widget\" data-settings=\"{&quot;image_spacing_custom&quot;:{&quot;unit&quot;:&quot;px&quot;,&quot;size&quot;:9,&quot;sizes&quot;:[]},&quot;navigation&quot;:&quot;both&quot;,&quot;autoplay&quot;:&quot;yes&quot;,&quot;pause_on_hover&quot;:&quot;yes&quot;,&quot;pause_on_interaction&quot;:&quot;yes&quot;,&quot;autoplay_speed&quot;:5000,&quot;infinite&quot;:&quot;yes&quot;,&quot;speed&quot;:500,&quot;image_spacing_custom_tablet&quot;:{&quot;unit&quot;:&quot;px&quot;,&quot;size&quot;:&quot;&quot;,&quot;sizes&quot;:[]},&quot;image_spacing_custom_mobile&quot;:{&quot;unit&quot;:&quot;px&quot;,&quot;size&quot;:&quot;&quot;,&quot;sizes&quot;:[]}}\" data-widget_type=\"image-carousel.default\">\n\t\t\t\t\t\t\t<div class=\"elementor-image-carousel-wrapper swiper\" role=\"region\" aria-roledescription=\"carousel\" aria-label=\"Image Carousel\" dir=\"ltr\">\n\t\t\t<div class=\"elementor-image-carousel swiper-wrapper\" aria-live=\"off\">\n\t\t\t\t\t\t\t\t<div class=\"swiper-slide\" role=\"group\" aria-roledescription=\"slide\" aria-label=\"1 of 6\"><a data-elementor-open-lightbox=\"yes\" data-elementor-lightbox-slideshow=\"caf9bff\" data-elementor-lightbox-title=\"aude-rafting-aventure\" data-e-action-hash=\"#elementor-action%3Aaction%3Dlightbox%26settings%3DeyJpZCI6ODAyLCJ1cmwiOiJodHRwczpcL1wvYXVkZWF2ZW50dXJlLmZyXC93cC1jb250ZW50XC91cGxvYWRzXC8yMDI0XC8wN1wvYXVkZS1yYWZ0aW5nLWF2ZW50dXJlLmpwZyIsInNsaWRlc2hvdyI6ImNhZjliZmYifQ%3D%3D\" href=\"https:\/\/audeaventure.fr\/wp-content\/uploads\/2024\/07\/aude-rafting-aventure.jpg\"><figure class=\"swiper-slide-inner\"><img decoding=\"async\" class=\"swiper-slide-image\" src=\"https:\/\/audeaventure.fr\/wp-content\/uploads\/2024\/07\/aude-rafting-aventure.jpg\" alt=\"aude-rafting-aventure\" \/><\/figure><\/a><\/div><div class=\"swiper-slide\" role=\"group\" aria-roledescription=\"slide\" aria-label=\"2 of 6\"><a data-elementor-open-lightbox=\"yes\" data-elementor-lightbox-slideshow=\"caf9bff\" data-elementor-lightbox-title=\"aude-rafting-aventure2\" data-e-action-hash=\"#elementor-action%3Aaction%3Dlightbox%26settings%3DeyJpZCI6ODAzLCJ1cmwiOiJodHRwczpcL1wvYXVkZWF2ZW50dXJlLmZyXC93cC1jb250ZW50XC91cGxvYWRzXC8yMDI0XC8wN1wvYXVkZS1yYWZ0aW5nLWF2ZW50dXJlMi5qcGciLCJzbGlkZXNob3ciOiJjYWY5YmZmIn0%3D\" href=\"https:\/\/audeaventure.fr\/wp-content\/uploads\/2024\/07\/aude-rafting-aventure2.jpg\"><figure class=\"swiper-slide-inner\"><img decoding=\"async\" class=\"swiper-slide-image\" src=\"https:\/\/audeaventure.fr\/wp-content\/uploads\/2024\/07\/aude-rafting-aventure2.jpg\" alt=\"aude-rafting-aventure2\" \/><\/figure><\/a><\/div><div class=\"swiper-slide\" role=\"group\" aria-roledescription=\"slide\" aria-label=\"3 of 6\"><a data-elementor-open-lightbox=\"yes\" data-elementor-lightbox-slideshow=\"caf9bff\" data-elementor-lightbox-title=\"aude-rafting-aventure3\" data-e-action-hash=\"#elementor-action%3Aaction%3Dlightbox%26settings%3DeyJpZCI6ODA0LCJ1cmwiOiJodHRwczpcL1wvYXVkZWF2ZW50dXJlLmZyXC93cC1jb250ZW50XC91cGxvYWRzXC8yMDI0XC8wN1wvYXVkZS1yYWZ0aW5nLWF2ZW50dXJlMy5qcGciLCJzbGlkZXNob3ciOiJjYWY5YmZmIn0%3D\" href=\"https:\/\/audeaventure.fr\/wp-content\/uploads\/2024\/07\/aude-rafting-aventure3.jpg\"><figure class=\"swiper-slide-inner\"><img decoding=\"async\" class=\"swiper-slide-image\" src=\"https:\/\/audeaventure.fr\/wp-content\/uploads\/2024\/07\/aude-rafting-aventure3.jpg\" alt=\"aude-rafting-aventure3\" \/><\/figure><\/a><\/div><div class=\"swiper-slide\" role=\"group\" aria-roledescription=\"slide\" aria-label=\"4 of 6\"><a data-elementor-open-lightbox=\"yes\" data-elementor-lightbox-slideshow=\"caf9bff\" data-elementor-lightbox-title=\"aude-rafting-aventure4\" data-e-action-hash=\"#elementor-action%3Aaction%3Dlightbox%26settings%3DeyJpZCI6ODA1LCJ1cmwiOiJodHRwczpcL1wvYXVkZWF2ZW50dXJlLmZyXC93cC1jb250ZW50XC91cGxvYWRzXC8yMDI0XC8wN1wvYXVkZS1yYWZ0aW5nLWF2ZW50dXJlNC5qcGciLCJzbGlkZXNob3ciOiJjYWY5YmZmIn0%3D\" href=\"https:\/\/audeaventure.fr\/wp-content\/uploads\/2024\/07\/aude-rafting-aventure4.jpg\"><figure class=\"swiper-slide-inner\"><img decoding=\"async\" class=\"swiper-slide-image\" src=\"https:\/\/audeaventure.fr\/wp-content\/uploads\/2024\/07\/aude-rafting-aventure4.jpg\" alt=\"aude-rafting-aventure4\" \/><\/figure><\/a><\/div><div class=\"swiper-slide\" role=\"group\" aria-roledescription=\"slide\" aria-label=\"5 of 6\"><a data-elementor-open-lightbox=\"yes\" data-elementor-lightbox-slideshow=\"caf9bff\" data-elementor-lightbox-title=\"aude-rafting-aventure5\" data-e-action-hash=\"#elementor-action%3Aaction%3Dlightbox%26settings%3DeyJpZCI6ODA2LCJ1cmwiOiJodHRwczpcL1wvYXVkZWF2ZW50dXJlLmZyXC93cC1jb250ZW50XC91cGxvYWRzXC8yMDI0XC8wN1wvYXVkZS1yYWZ0aW5nLWF2ZW50dXJlNS5qcGciLCJzbGlkZXNob3ciOiJjYWY5YmZmIn0%3D\" href=\"https:\/\/audeaventure.fr\/wp-content\/uploads\/2024\/07\/aude-rafting-aventure5.jpg\"><figure class=\"swiper-slide-inner\"><img decoding=\"async\" class=\"swiper-slide-image\" src=\"https:\/\/audeaventure.fr\/wp-content\/uploads\/2024\/07\/aude-rafting-aventure5.jpg\" alt=\"aude-rafting-aventure5\" \/><\/figure><\/a><\/div><div class=\"swiper-slide\" role=\"group\" aria-roledescription=\"slide\" aria-label=\"6 of 6\"><a data-elementor-open-lightbox=\"yes\" data-elementor-lightbox-slideshow=\"caf9bff\" data-elementor-lightbox-title=\"aude-rafting-aventure6\" data-e-action-hash=\"#elementor-action%3Aaction%3Dlightbox%26settings%3DeyJpZCI6ODA3LCJ1cmwiOiJodHRwczpcL1wvYXVkZWF2ZW50dXJlLmZyXC93cC1jb250ZW50XC91cGxvYWRzXC8yMDI0XC8wN1wvYXVkZS1yYWZ0aW5nLWF2ZW50dXJlNi5qcGciLCJzbGlkZXNob3ciOiJjYWY5YmZmIn0%3D\" href=\"https:\/\/audeaventure.fr\/wp-content\/uploads\/2024\/07\/aude-rafting-aventure6.jpg\"><figure class=\"swiper-slide-inner\"><img decoding=\"async\" class=\"swiper-slide-image\" src=\"https:\/\/audeaventure.fr\/wp-content\/uploads\/2024\/07\/aude-rafting-aventure6.jpg\" alt=\"aude-rafting-aventure6\" \/><\/figure><\/a><\/div>\t\t\t<\/div>\n\t\t\t\t\t\t\t\t\t\t\t\t<div class=\"elementor-swiper-button elementor-swiper-button-prev\" role=\"button\" tabindex=\"0\">\n\t\t\t\t\t\t<svg aria-hidden=\"true\" class=\"e-font-icon-svg e-eicon-chevron-left\" viewBox=\"0 0 1000 1000\" xmlns=\"http:\/\/www.w3.org\/2000\/svg\"><path d=\"M646 125C629 125 613 133 604 142L308 442C296 454 292 471 292 487 292 504 296 521 308 533L604 854C617 867 629 875 646 875 663 875 679 871 692 858 704 846 713 829 713 812 713 796 708 779 692 767L438 487 692 225C700 217 708 204 708 187 708 171 704 154 692 142 675 129 663 125 646 125Z\"><\/path><\/svg>\t\t\t\t\t<\/div>\n\t\t\t\t\t<div class=\"elementor-swiper-button elementor-swiper-button-next\" role=\"button\" tabindex=\"0\">\n\t\t\t\t\t\t<svg aria-hidden=\"true\" class=\"e-font-icon-svg e-eicon-chevron-right\" viewBox=\"0 0 1000 1000\" xmlns=\"http:\/\/www.w3.org\/2000\/svg\"><path d=\"M696 533C708 521 713 504 713 487 713 471 708 454 696 446L400 146C388 133 375 125 354 125 338 125 325 129 313 142 300 154 292 171 292 187 292 204 296 221 308 233L563 492 304 771C292 783 288 800 288 817 288 833 296 850 308 863 321 871 338 875 354 875 371 875 388 867 400 854L696 533Z\"><\/path><\/svg>\t\t\t\t\t<\/div>\n\t\t\t\t\n\t\t\t\t\t\t\t\t\t<div class=\"swiper-pagination\"><\/div>\n\t\t\t\t\t\t\t\t\t<\/div>\n\t\t\t\t\t\t<\/div>\n\t\t\t\t<div class=\"elementor-element elementor-element-9eb9e62 elementor-widget elementor-widget-spacer\" data-id=\"9eb9e62\" data-element_type=\"widget\" data-e-type=\"widget\" data-widget_type=\"spacer.default\">\n\t\t\t\t\t\t\t<div class=\"elementor-spacer\">\n\t\t\t<div class=\"elementor-spacer-inner\"><\/div>\n\t\t<\/div>\n\t\t\t\t\t\t<\/div>\n\t\t\t\t\t<\/div>\n\t\t<\/div>\n\t\t\t\t\t<\/div>\n\t\t<\/section>\n\t\t\t\t<section class=\"elementor-section elementor-top-section elementor-element elementor-element-e1fedd0 elementor-section-boxed elementor-section-height-default elementor-section-height-default\" data-id=\"e1fedd0\" data-element_type=\"section\" data-e-type=\"section\">\n\t\t\t\t\t\t<div class=\"elementor-container elementor-column-gap-default\">\n\t\t\t\t\t<div class=\"elementor-column elementor-col-50 elementor-top-column elementor-element elementor-element-e2b8bb4\" data-id=\"e2b8bb4\" data-element_type=\"column\" data-e-type=\"column\">\n\t\t\t<div class=\"elementor-widget-wrap elementor-element-populated\">\n\t\t\t\t\t\t<div class=\"elementor-element elementor-element-865f8ad elementor-widget elementor-widget-image\" data-id=\"865f8ad\" data-element_type=\"widget\" data-e-type=\"widget\" data-widget_type=\"image.default\">\n\t\t\t\t\t\t\t\t\t\t\t\t\t\t\t<img fetchpriority=\"high\" decoding=\"async\" width=\"800\" height=\"600\" src=\"https:\/\/audeaventure.fr\/wp-content\/uploads\/2021\/05\/RAFTING.jpg\" class=\"attachment-large size-large wp-image-235\" alt=\"\" srcset=\"https:\/\/audeaventure.fr\/wp-content\/uploads\/2021\/05\/RAFTING.jpg 800w, https:\/\/audeaventure.fr\/wp-content\/uploads\/2021\/05\/RAFTING-300x225.jpg 300w, https:\/\/audeaventure.fr\/wp-content\/uploads\/2021\/05\/RAFTING-768x576.jpg 768w, https:\/\/audeaventure.fr\/wp-content\/uploads\/2021\/05\/RAFTING-230x173.jpg 230w, https:\/\/audeaventure.fr\/wp-content\/uploads\/2021\/05\/RAFTING-350x263.jpg 350w, https:\/\/audeaventure.fr\/wp-content\/uploads\/2021\/05\/RAFTING-480x360.jpg 480w\" sizes=\"(max-width: 800px) 100vw, 800px\" \/>\t\t\t\t\t\t\t\t\t\t\t\t\t\t\t<\/div>\n\t\t\t\t<div class=\"elementor-element elementor-element-ab6379a elementor-widget elementor-widget-video\" data-id=\"ab6379a\" data-element_type=\"widget\" data-e-type=\"widget\" data-settings=\"{&quot;youtube_url&quot;:&quot;https:\\\/\\\/youtu.be\\\/SzFXrYa0PN0&quot;,&quot;video_type&quot;:&quot;youtube&quot;,&quot;controls&quot;:&quot;yes&quot;}\" data-widget_type=\"video.default\">\n\t\t\t\t\t\t\t<div class=\"elementor-wrapper elementor-open-inline\">\n\t\t\t<div class=\"elementor-video\"><\/div>\t\t<\/div>\n\t\t\t\t\t\t<\/div>\n\t\t\t\t\t<\/div>\n\t\t<\/div>\n\t\t\t\t<div class=\"elementor-column elementor-col-50 elementor-top-column elementor-element elementor-element-436c618\" data-id=\"436c618\" data-element_type=\"column\" data-e-type=\"column\">\n\t\t\t<div class=\"elementor-widget-wrap elementor-element-populated\">\n\t\t\t\t\t\t<div class=\"elementor-element elementor-element-2ff3f2d elementor-widget elementor-widget-text-editor\" data-id=\"2ff3f2d\" data-element_type=\"widget\" data-e-type=\"widget\" data-widget_type=\"text-editor.default\">\n\t\t\t\t\t\t\t\t\t<h3>C&#8217;est quoi ?<\/h3><p>Le raft est une embarcation stable et s\u00e9curisante qui vous permet de d\u00e9couvrir, en groupe et accompagn\u00e9 d&#8217;un moniteur sp\u00e9cialis\u00e9, le frisson de l&#8217;eau vive.<\/p><h3>Circuits :<\/h3><ul><li>Descente Sportive \u00ab\u00a0Gorges de St Georges\u00a0\u00bb<\/li><li>Descente Sportive \u00ab\u00a0Gorges de Pierre Lys\u00a0\u00bb (mini 14 ans)<\/li><li>Descente L\u2019Int\u00e9grale (mini 4 personnes, mini 14 ans)<\/li><\/ul><h3>\u00a0<\/h3><h3>Prestation<\/h3><div class=\"et_pb_toggle_content clearfix\"><p>Encadrement, mat\u00e9riel fourni, assurance comprise, navettes par mini bus \u00e0 partir de la base de Belvianes et Cavirac.<\/p><h3>Je peux pratiquer si &#8230;<\/h3><ul><li>je pr\u00e9vois des baskets et un maillot de bain<\/li><li>je sais nager<\/li><\/ul><h3>\u00a0<\/h3><\/div>\t\t\t\t\t\t\t\t<\/div>\n\t\t\t\t<div class=\"elementor-element elementor-element-f8c9d8f elementor-align-center elementor-widget elementor-widget-button\" data-id=\"f8c9d8f\" data-element_type=\"widget\" data-e-type=\"widget\" data-widget_type=\"button.default\">\n\t\t\t\t\t\t\t\t\t\t<a class=\"elementor-button elementor-button-link elementor-size-sm\" href=\"https:\/\/audeaventure.fr\/?page_id=29\">\n\t\t\t\t\t\t<span class=\"elementor-button-content-wrapper\">\n\t\t\t\t\t\t\t\t\t<span class=\"elementor-button-text\">Contactez-nous<\/span>\n\t\t\t\t\t<\/span>\n\t\t\t\t\t<\/a>\n\t\t\t\t\t\t\t\t<\/div>\n\t\t\t\t\t<\/div>\n\t\t<\/div>\n\t\t\t\t\t<\/div>\n\t\t<\/section>\n\t\t\t\t<section class=\"elementor-section elementor-top-section elementor-element elementor-element-8b3d0c5 elementor-section-boxed elementor-section-height-default elementor-section-height-default\" data-id=\"8b3d0c5\" data-element_type=\"section\" data-e-type=\"section\">\n\t\t\t\t\t\t<div class=\"elementor-container elementor-column-gap-default\">\n\t\t\t\t\t<div class=\"elementor-column elementor-col-100 elementor-top-column elementor-element elementor-element-2e647c2\" data-id=\"2e647c2\" data-element_type=\"column\" data-e-type=\"column\">\n\t\t\t<div class=\"elementor-widget-wrap elementor-element-populated\">\n\t\t\t\t\t\t<div class=\"elementor-element elementor-element-cc3a7de elementor-widget elementor-widget-spacer\" data-id=\"cc3a7de\" data-element_type=\"widget\" data-e-type=\"widget\" data-widget_type=\"spacer.default\">\n\t\t\t\t\t\t\t<div class=\"elementor-spacer\">\n\t\t\t<div class=\"elementor-spacer-inner\"><\/div>\n\t\t<\/div>\n\t\t\t\t\t\t<\/div>\n\t\t\t\t\t<\/div>\n\t\t<\/div>\n\t\t\t\t\t<\/div>\n\t\t<\/section>\n\t\t\t\t<section class=\"elementor-section elementor-top-section elementor-element elementor-element-4cab1e0 elementor-section-boxed elementor-section-height-default elementor-section-height-default\" data-id=\"4cab1e0\" data-element_type=\"section\" data-e-type=\"section\">\n\t\t\t\t\t\t<div class=\"elementor-container elementor-column-gap-default\">\n\t\t\t\t\t<div class=\"elementor-column elementor-col-33 elementor-top-column elementor-element elementor-element-7dbbec5\" data-id=\"7dbbec5\" data-element_type=\"column\" data-e-type=\"column\">\n\t\t\t<div class=\"elementor-widget-wrap elementor-element-populated\">\n\t\t\t\t\t\t<div class=\"elementor-element elementor-element-eb70fe2 elementor-widget elementor-widget-heading\" data-id=\"eb70fe2\" data-element_type=\"widget\" data-e-type=\"widget\" data-widget_type=\"heading.default\">\n\t\t\t\t\t<h3 class=\"elementor-heading-title elementor-size-default\">St Georges<\/h3>\t\t\t\t<\/div>\n\t\t\t\t<div class=\"elementor-element elementor-element-95ff399 elementor-widget elementor-widget-text-editor\" data-id=\"95ff399\" data-element_type=\"widget\" data-e-type=\"widget\" data-widget_type=\"text-editor.default\">\n\t\t\t\t\t\t\t\t\t<h4>35\u20ac\/personne<\/h4>\t\t\t\t\t\t\t\t<\/div>\n\t\t\t\t<div class=\"elementor-element elementor-element-8668cd1 elementor-widget-divider--view-line elementor-widget elementor-widget-divider\" data-id=\"8668cd1\" data-element_type=\"widget\" data-e-type=\"widget\" data-widget_type=\"divider.default\">\n\t\t\t\t\t\t\t<div class=\"elementor-divider\">\n\t\t\t<span class=\"elementor-divider-separator\">\n\t\t\t\t\t\t<\/span>\n\t\t<\/div>\n\t\t\t\t\t\t<\/div>\n\t\t\t\t<div class=\"elementor-element elementor-element-22748eb elementor-widget elementor-widget-text-editor\" data-id=\"22748eb\" data-element_type=\"widget\" data-e-type=\"widget\" data-widget_type=\"text-editor.default\">\n\t\t\t\t\t\t\t\t\t<ul><li style=\"text-align: left;\">Matin et apr\u00e8s-midi<\/li><li style=\"text-align: left;\"><strong>Descente sportive<\/strong><\/li><li style=\"text-align: left;\">Mat\u00e9riel fournis<\/li><li style=\"text-align: left;\">30\u20ac pour les enfants (10 ans)<\/li><\/ul>\t\t\t\t\t\t\t\t<\/div>\n\t\t\t\t<div class=\"elementor-element elementor-element-f0ab3ce elementor-widget elementor-widget-html\" data-id=\"f0ab3ce\" data-element_type=\"widget\" data-e-type=\"widget\" data-widget_type=\"html.default\">\n\t\t\t\t\t<input class=\"YoplanningBookingEngine\" booking-engine-url=\"https:\/\/booking.yoplanning.pro\/3c2fb187-3354-42ae-9fd2-a35cdeb58aed\/product\/4d77987d-8669-40eb-ada0-981732d17263\" style=\" border: 0; border-radius: 3px; -moz-border-radius: 3px; -webkit-border-radius: 3px; box-shadow: 0 1px 3px rgb(0 0 0 \/ 12%), 0 1px 2px rgb(0 0 0 \/ 24%); box-sizing: border-box; -webkit-box-sizing: border-box; cursor: pointer; display: inline-block; font-family:sans-serif; text-align: center; user-select: none; background-color: #ff9f1c; color: #fff; font-size: 14px; height: 44px; line-height: 44px; padding: 0px 40px; position: relative; z-index: 0;\" type=\"submit\" value=\"R\u00e9server\" \/> <script type=\"text\/javascript\" src=\"https:\/\/booking.yoplanning.pro\/integration\/script.js\" async><\/script>\t\t\t\t<\/div>\n\t\t\t\t\t<\/div>\n\t\t<\/div>\n\t\t\t\t<div class=\"elementor-column elementor-col-33 elementor-top-column elementor-element elementor-element-3ea047b\" data-id=\"3ea047b\" data-element_type=\"column\" data-e-type=\"column\">\n\t\t\t<div class=\"elementor-widget-wrap elementor-element-populated\">\n\t\t\t\t\t\t<div class=\"elementor-element elementor-element-052ad3d elementor-widget elementor-widget-heading\" data-id=\"052ad3d\" data-element_type=\"widget\" data-e-type=\"widget\" data-widget_type=\"heading.default\">\n\t\t\t\t\t<h3 class=\"elementor-heading-title elementor-size-default\">Pierre Lys<\/h3>\t\t\t\t<\/div>\n\t\t\t\t<div class=\"elementor-element elementor-element-e3d8874 elementor-widget elementor-widget-text-editor\" data-id=\"e3d8874\" data-element_type=\"widget\" data-e-type=\"widget\" data-widget_type=\"text-editor.default\">\n\t\t\t\t\t\t\t\t\t<h4>40\u20ac\/personne<\/h4>\t\t\t\t\t\t\t\t<\/div>\n\t\t\t\t<div class=\"elementor-element elementor-element-29d6ec8 elementor-widget-divider--view-line elementor-widget elementor-widget-divider\" data-id=\"29d6ec8\" data-element_type=\"widget\" data-e-type=\"widget\" data-widget_type=\"divider.default\">\n\t\t\t\t\t\t\t<div class=\"elementor-divider\">\n\t\t\t<span class=\"elementor-divider-separator\">\n\t\t\t\t\t\t<\/span>\n\t\t<\/div>\n\t\t\t\t\t\t<\/div>\n\t\t\t\t<div class=\"elementor-element elementor-element-ba7cabd elementor-widget elementor-widget-text-editor\" data-id=\"ba7cabd\" data-element_type=\"widget\" data-e-type=\"widget\" data-widget_type=\"text-editor.default\">\n\t\t\t\t\t\t\t\t\t<ul><li style=\"text-align: left;\">Apr\u00e8s-midi<\/li><li style=\"text-align: left;\"><strong>Descente sportive<\/strong><\/li><li style=\"text-align: left;\">Mat\u00e9riel fournis<\/li><li style=\"text-align: left;\">Minimum 14 ans<\/li><\/ul>\t\t\t\t\t\t\t\t<\/div>\n\t\t\t\t<div class=\"elementor-element elementor-element-8685b6b elementor-widget elementor-widget-html\" data-id=\"8685b6b\" data-element_type=\"widget\" data-e-type=\"widget\" data-widget_type=\"html.default\">\n\t\t\t\t\t<input class=\"YoplanningBookingEngine\" booking-engine-url=\"https:\/\/booking.yoplanning.pro\/3c2fb187-3354-42ae-9fd2-a35cdeb58aed\/product\/48f11470-8835-4e48-994f-73fdf5cfc9a3\" style=\" border: 0; border-radius: 3px; -moz-border-radius: 3px; -webkit-border-radius: 3px; box-shadow: 0 1px 3px rgb(0 0 0 \/ 12%), 0 1px 2px rgb(0 0 0 \/ 24%); box-sizing: border-box; -webkit-box-sizing: border-box; cursor: pointer; display: inline-block; font-family:sans-serif; text-align: center; user-select: none; background-color: #ff9f1c; color: #fff; font-size: 14px; height: 44px; line-height: 44px; padding: 0px 40px; position: relative; z-index: 0;\" type=\"submit\" value=\"R\u00e9server\" \/> <script type=\"text\/javascript\" src=\"https:\/\/booking.yoplanning.pro\/integration\/script.js\" async><\/script>\t\t\t\t<\/div>\n\t\t\t\t\t<\/div>\n\t\t<\/div>\n\t\t\t\t<div class=\"elementor-column elementor-col-33 elementor-top-column elementor-element elementor-element-0ec2a82\" data-id=\"0ec2a82\" data-element_type=\"column\" data-e-type=\"column\" data-settings=\"{&quot;background_background&quot;:&quot;classic&quot;}\">\n\t\t\t<div class=\"elementor-widget-wrap elementor-element-populated\">\n\t\t\t\t\t\t<div class=\"elementor-element elementor-element-fc046e2 elementor-widget elementor-widget-heading\" data-id=\"fc046e2\" data-element_type=\"widget\" data-e-type=\"widget\" data-widget_type=\"heading.default\">\n\t\t\t\t\t<h3 class=\"elementor-heading-title elementor-size-default\">Int\u00e9grale<\/h3>\t\t\t\t<\/div>\n\t\t\t\t<div class=\"elementor-element elementor-element-dca2b90 elementor-widget elementor-widget-text-editor\" data-id=\"dca2b90\" data-element_type=\"widget\" data-e-type=\"widget\" data-widget_type=\"text-editor.default\">\n\t\t\t\t\t\t\t\t\t<h4>60\u20ac\/personne<\/h4>\t\t\t\t\t\t\t\t<\/div>\n\t\t\t\t<div class=\"elementor-element elementor-element-cf553b9 elementor-widget-divider--view-line elementor-widget elementor-widget-divider\" data-id=\"cf553b9\" data-element_type=\"widget\" data-e-type=\"widget\" data-widget_type=\"divider.default\">\n\t\t\t\t\t\t\t<div class=\"elementor-divider\">\n\t\t\t<span class=\"elementor-divider-separator\">\n\t\t\t\t\t\t<\/span>\n\t\t<\/div>\n\t\t\t\t\t\t<\/div>\n\t\t\t\t<div class=\"elementor-element elementor-element-6e39caf elementor-widget elementor-widget-text-editor\" data-id=\"6e39caf\" data-element_type=\"widget\" data-e-type=\"widget\" data-widget_type=\"text-editor.default\">\n\t\t\t\t\t\t\t\t\t<ul><li style=\"text-align: left;\">Matin<\/li><li style=\"text-align: left;\"><strong>Descente sportive<\/strong><\/li><li style=\"text-align: left;\">Mat\u00e9riel fournis<\/li><li style=\"text-align: left;\">Minimum 14 ans<\/li><li style=\"text-align: left;\">Minimum 5 personnes<\/li><\/ul>\t\t\t\t\t\t\t\t<\/div>\n\t\t\t\t<div class=\"elementor-element elementor-element-1a34343 elementor-widget elementor-widget-html\" data-id=\"1a34343\" data-element_type=\"widget\" data-e-type=\"widget\" data-widget_type=\"html.default\">\n\t\t\t\t\t<input class=\"YoplanningBookingEngine\" booking-engine-url=\"https:\/\/booking.yoplanning.pro\/3c2fb187-3354-42ae-9fd2-a35cdeb58aed\/product\/f0f61f81-0055-45c2-9994-a90527768a9e\" style=\" border: 0; border-radius: 3px; -moz-border-radius: 3px; -webkit-border-radius: 3px; box-shadow: 0 1px 3px rgb(0 0 0 \/ 12%), 0 1px 2px rgb(0 0 0 \/ 24%); box-sizing: border-box; -webkit-box-sizing: border-box; cursor: pointer; display: inline-block; font-family:sans-serif; text-align: center; user-select: none; background-color: #ff9f1c; color: #fff; font-size: 14px; height: 44px; line-height: 44px; padding: 0px 40px; position: relative; z-index: 0;\" type=\"submit\" value=\"R\u00e9server\" \/> <script type=\"text\/javascript\" src=\"https:\/\/booking.yoplanning.pro\/integration\/script.js\" async><\/script>\t\t\t\t<\/div>\n\t\t\t\t\t<\/div>\n\t\t<\/div>\n\t\t\t\t\t<\/div>\n\t\t<\/section>\n\t\t\t\t<\/div>\n\t\t","protected":false},"excerpt":{"rendered":"<p>RAFTING https:\/\/youtu.be\/SzFXrYa0PN0 C&#8217;est quoi ? Le raft est une embarcation stable et s\u00e9curisante qui vous permet de d\u00e9couvrir, en groupe et accompagn\u00e9 [&hellip;]<\/p>\n","protected":false},"author":1,"featured_media":0,"parent":0,"menu_order":0,"comment_status":"closed","ping_status":"closed","template":"elementor_header_footer","meta":{"footnotes":""},"class_list":["post-19","page","type-page","status-publish","hentry"],"_links":{"self":[{"href":"https:\/\/audeaventure.fr\/index.php?rest_route=\/wp\/v2\/pages\/19","targetHints":{"allow":["GET"]}}],"collection":[{"href":"https:\/\/audeaventure.fr\/index.php?rest_route=\/wp\/v2\/pages"}],"about":[{"href":"https:\/\/audeaventure.fr\/index.php?rest_route=\/wp\/v2\/types\/page"}],"author":[{"embeddable":true,"href":"https:\/\/audeaventure.fr\/index.php?rest_route=\/wp\/v2\/users\/1"}],"replies":[{"embeddable":true,"href":"https:\/\/audeaventure.fr\/index.php?rest_route=%2Fwp%2Fv2%2Fcomments&post=19"}],"version-history":[{"count":121,"href":"https:\/\/audeaventure.fr\/index.php?rest_route=\/wp\/v2\/pages\/19\/revisions"}],"predecessor-version":[{"id":845,"href":"https:\/\/audeaventure.fr\/index.php?rest_route=\/wp\/v2\/pages\/19\/revisions\/845"}],"wp:attachment":[{"href":"https:\/\/audeaventure.fr\/index.php?rest_route=%2Fwp%2Fv2%2Fmedia&parent=19"}],"curies":[{"name":"wp","href":"https:\/\/api.w.org\/{rel}","templated":true}]}}